{"id":38,"date":"2015-06-22T12:29:59","date_gmt":"2015-06-22T10:29:59","guid":{"rendered":"http:\/\/m82.corsidistudio.unina.it\/?page_id=38"},"modified":"2026-04-02T11:44:14","modified_gmt":"2026-04-02T09:44:14","slug":"avvisi","status":"publish","type":"page","link":"https:\/\/m82.corsidistudio.unina.it\/?page_id=38","title":{"rendered":"Avvisi"},"content":{"rendered":"<h4>Graduatorie Erasmus+ Studio a.a. 2026\/27<\/h4>\n<p>In allegato \u00e8 pubblicata la <a href=\"https:\/\/m82.corsidistudio.unina.it\/wp-content\/uploads\/sites\/17\/2026\/04\/Graduatoria-Erasmus-Studio-26_27__matricole-TLB.pdf\">Graduatoria Erasmus Studio 26_27__matricole TLB<\/a> del programma di mobilit\u00e0 Erasmus+ for Study.<\/p>\n<p>Le modalit\u00e0 di accettazione delle borse saranno visualizzabili sul sito di Ateneo nella sezione <strong><a href=\"https:\/\/www.unina.it\/it\/servizi-e-opportunita\/opportunita-e-iniziative\/erasmus\/mobilita-per-studio\">Erasmus+ 2026\/27 &#8211; Mobilit\u00e0 a fini di studio<\/a><\/strong><\/p>\n<h4><\/h4>\n<p>&nbsp;<\/p>\n<h4>Proroga Bando Erasmus+ Studio a.a. 2026\/27<\/h4>\n<p style=\"font-weight: 400\">Si comunica che \u00e8 stato pubblicato il bando Erasmus per l\u2019a.a. <strong>2026\/27<\/strong>.<\/p>\n<p style=\"font-weight: 400\">Il bando, con tutte le informazioni, \u00e8 presente nella sezione \u201cErasmus+ a.a. 2026\/27 \u2013 Mobilit\u00e0 a fini di studio\u201d della\u00a0<a href=\"http:\/\/anonymouse.org\/cgi-bin\/anon-www.cgi\/https:\/\/www.unina.it\/it\/servizi-e-opportunita\/opportunita-e-iniziative\/erasmus\/mobilita-per-studio\">pagina di Ateneo<\/a>.<\/p>\n<p style=\"font-weight: 400\">Le modalit\u00e0 di presentazione delle domande \u2013\u00a0<strong>solo online su\u00a0<\/strong><a href=\"http:\/\/anonymouse.org\/cgi-bin\/anon-www.cgi\/https:\/\/mobility.unina.it\/Root.do\"><strong>mobilityunina.it<\/strong><\/a>\u00a0\u2013 e gli accordi internazionali attivi sono descritti nella stessa sezione.<\/p>\n<p style=\"font-weight: 400\">Per un malfunzionamento della piattaforma, la scadenza per presentare domanda \u00e8 stata posticipata al <strong>12\/03\/2026<\/strong>\u00a0ore\u00a0<strong>12.00<\/strong><\/p>\n<p>&nbsp;<\/p>\n<p><strong>Scorrimento graduatorie Erasmus Traineeship 2025\/26<\/strong><\/p>\n<p>Si comunica che l\u2019Ufficio Erasmus+ e Mobilit\u00e0 Internazionale ha pubblicato gli scorrimenti di graduatoria per l\u2019Erasmus Traineeship, disponibili sulla <a href=\"http:\/\/www.old.unina.it\/documents\/11958\/67064354\/Traineeship_313_borse_25-26_avviso_scorrimento_graduatorie.pdf\/5e4c8fbf-d18c-4d8e-aeae-da318957fcd7\">pagina di Ateneo<\/a>.<\/p>\n<p><span lang=\"EN-GB\">Tutte le informazioni sull&#8217;accettazione delle borse sono inserite nella sezione\u00a0<\/span><a href=\"http:\/\/anonymouse.org\/cgi-bin\/anon-www.cgi\/https:\/\/www.unina.it\/it\/servizi-e-opportunita\/opportunita-e-iniziative\/erasmus\/mobilita-per-tirocini\">Mobilit\u00e0 Erasmus Traineeship<\/a>\u00a0per l\u2019a.a.\u00a0<strong>2025\/26.<\/strong><\/p>\n<p>&nbsp;<\/p>\n<p><strong>Test TECO AA 2025\/26<\/strong><\/p>\n<p><strong><a href=\"https:\/\/m82.corsidistudio.unina.it\/wp-content\/uploads\/sites\/17\/2025\/11\/Test-TECO-AA-25_26.pdf\">Test TECO AA 25_26<\/a><\/strong><\/p>\n<p>&nbsp;<\/p>\n<p>&nbsp;<\/p>\n<p><strong>INIZIO DELLE LEZIONI AA 2025-26<\/strong><\/p>\n<p>Le attivit\u00e0 didattiche dell\u2019A.A. 2025\/2026, per le tre sedi del CdS, <strong>cominceranno in presenza il 13 ottobre 2025.<\/strong><\/p>\n<p>Le lezioni del II semestre, per le tre sedi, inizieranno in presenza il 9 marzo 2026.<\/p>\n<p>Consultare la pagina <strong>&#8220;Orario delle lezioni&#8221;<\/strong> per indicazione precisa di sede ed ora.<\/p>\n<p>&nbsp;<\/p>\n<p>&nbsp;<\/p>\n<h4><strong>SEDUTA di LAUREA\/ESAME di STATO<\/strong><\/h4>\n<p>La seduta di laurea\/esame di stato, come programmato, si terranno nei giorni 26 e 27 marzo 2026.<\/p>\n<p>La prova pratica si terr\u00e0 presso l\u2019edificio 4, IV piano AOU Federico II.<\/p>\n<p>La discussione della tesi si terr\u00e0 presso l\u2019Aula Magna del Complesso didattico di Scampia.<\/p>\n<p>Seguiranno dettagli per l\u2019organizzazione della seduta<\/p>\n<h4><\/h4>\n<h4>Pubblicazione graduatorie Erasmus Traineeship 2025\/26<\/h4>\n<p>E&#8217; stata pubblicata la graduatoria degli studenti vincitori delle Borse Erasmus+ Traineeship del Dipartimento di Medicina Molecolare e Biotecnologie Mediche:<\/p>\n<p><a href=\"https:\/\/www.mmbm.unina.it\/documents\/18930645\/37259336\/graduatoria+Erasmus+per+tirocinio+2025-26.pdf\/ea830af0-4616-443d-b79f-9a755d4794f3\">Graduatoria Erasmus Traineeship<\/a><\/p>\n<p>Per ulteriori informazioni sulle procedure da seguire e le modalit\u00e0 di accettazione della borsa \u00e8 possibile visitare il sito di Ateneo nella sezione:<\/p>\n<p><a href=\"https:\/\/www.unina.it\/didattica\/opportunita-studenti\/erasmus\/programma#p_p_id_101_INSTANCE_064wrKJf6rvS_\">Mobilit\u00e0 per Tirocini (Traineeship)<\/a><\/p>\n<p>&nbsp;<\/p>\n<h4>Bando Erasmus Traineeship 2025\/26<\/h4>\n<p>Si comunica che \u00e8 indetta una selezione per l&#8217;assegnazione di\u00a0borse\u00a0di\u00a0<strong>mobilit\u00e0 Erasmus a fini di tirocinio<\/strong>: i tirocini\u00a0 andranno da un minimo di due mesi (60 giorni) e a un massimo di 6 mesi (180 giorni) e i tirocini di breve durata dai 5 ai 30 giorni.<\/p>\n<p>I bandi pubblicati sono due:<\/p>\n<p>&#8211;\u00a0<a href=\"https:\/\/www.unina.it\/documents\/11958\/67064354\/Traineeship_OHOE_46borse_17.04.2025_avviso.pdf\/\">Consorzio One Health One Europe<\/a> con scadenza\u00a0<strong>30 maggio 2025<\/strong> (numero borse totali per le Universit\u00e0 del consorzio: 46)<\/p>\n<p>&#8211; <a href=\"https:\/\/www.unina.it\/documents\/11958\/67064354\/AVVISO+DI+SELEZIONE+TRAINEESHIP_2025_26_ITA_DR_2025_0002057.pdf\">Borse di Ateneo:<\/a> con scadenza <strong>3 giugno 2025<\/strong>\u00a0(numero borse: 312; per il Dipartimento di Medicina Molecolare e Biotecnologie Mediche si assegnano 10 borse)<\/p>\n<p>La domanda di partecipazione dovr\u00e0 essere presentata esclusivamente tramite\u00a0procedura informatica.<\/p>\n<p>&nbsp;<\/p>\n<h4>Bando Erasmus+ Studio e pubblicazione graduatorie 2025-26<\/h4>\n<p>E&#8217; stata pubblicata la graduatoria degli studenti vincitori delle Borse Erasmus+ studio del Dipartimento di Medicina Molecolare e Biotecnologie Mediche:<\/p>\n<p><a href=\"https:\/\/www.mmbm.unina.it\/-\/68246957-graduatoria-dmmbm-per-erasmus-2025-26\">Graduatoria<\/a><\/p>\n<p>Per ulteriori informazioni sulle procedure da seguire e le modalit\u00e0 di accettazione della borsa \u00e8 possibile visitare il sito di Ateneo nella sezione:<\/p>\n<p><a href=\"https:\/\/www.unina.it\/didattica\/opportunita-studenti\/erasmus\/programma#p_p_id_101_INSTANCE_zYrUDzgDIA44_\">Erasmus+ 2025\/26 &#8211; Mobilit\u00e0 a fini di studio<\/a><\/p>\n<p>Gli studenti hanno tempo di accettare la borsa fino al <strong>14\/04\/2025<\/strong>.<\/p>\n<p>&nbsp;<\/p>\n<p>&nbsp;<\/p>\n<p>&nbsp;<\/p>\n<div class=\"\"><\/div>\n<div class=\"\"><\/div>\n<p>&nbsp;<\/p>\n<p><span style=\"text-decoration: underline\"><strong><a href=\"http:\/\/m82.corsidistudio.unina.it\/wp-content\/uploads\/sites\/17\/2015\/06\/INFORMATIVA-RELATIVA-AL-TRATTAMENTO-DI-DATI-PERSONALI-DESTINATA-AI-FRUITORI-DEI-SERVIZI-DIDATTICI-1.pdf\">INFORMATIVA RELATIVA AL TRATTAMENTO DI DATI PERSONALI DESTINATA AI FRUITORI DEI SERVIZI DIDATTICI<\/a><\/strong><\/span><\/p>\n<p><strong><a href=\"http:\/\/m82.corsidistudio.unina.it\/?p=336\" target=\"_blank\" rel=\"noopener\">Opportunit\u00e0<\/a><\/strong><\/p>\n<p><strong><a href=\"http:\/\/m82.corsidistudio.unina.it\/?p=343\" target=\"_blank\" rel=\"noopener\">Seminari e Conferenze<\/a><\/strong><\/p>\n<p>&nbsp;<\/p>\n<div class=\"\"><\/div>\n<div class=\"\"><\/div>\n<p>&nbsp;<\/p>\n<div class=\"\"><\/div>\n<div class=\"\"><\/div>\n<p>&nbsp;<\/p>\n","protected":false},"excerpt":{"rendered":"<p>Graduatorie Erasmus+ Studio a.a. 2026\/27 In allegato \u00e8 pubblicata la Graduatoria Erasmus Studio 26_27__matricole TLB del programma di mobilit\u00e0 Erasmus+ for Study. Le modalit\u00e0 di &#8230; <\/p>\n","protected":false},"author":3,"featured_media":0,"parent":36,"menu_order":0,"comment_status":"closed","ping_status":"closed","template":"page-fullwidth.php","meta":{"footnotes":""},"class_list":["post-38","page","type-page","status-publish","hentry"],"_links":{"self":[{"href":"https:\/\/m82.corsidistudio.unina.it\/index.php?rest_route=\/wp\/v2\/pages\/38","targetHints":{"allow":["GET"]}}],"collection":[{"href":"https:\/\/m82.corsidistudio.unina.it\/index.php?rest_route=\/wp\/v2\/pages"}],"about":[{"href":"https:\/\/m82.corsidistudio.unina.it\/index.php?rest_route=\/wp\/v2\/types\/page"}],"author":[{"embeddable":true,"href":"https:\/\/m82.corsidistudio.unina.it\/index.php?rest_route=\/wp\/v2\/users\/3"}],"replies":[{"embeddable":true,"href":"https:\/\/m82.corsidistudio.unina.it\/index.php?rest_route=%2Fwp%2Fv2%2Fcomments&post=38"}],"version-history":[{"count":134,"href":"https:\/\/m82.corsidistudio.unina.it\/index.php?rest_route=\/wp\/v2\/pages\/38\/revisions"}],"predecessor-version":[{"id":1296,"href":"https:\/\/m82.corsidistudio.unina.it\/index.php?rest_route=\/wp\/v2\/pages\/38\/revisions\/1296"}],"up":[{"embeddable":true,"href":"https:\/\/m82.corsidistudio.unina.it\/index.php?rest_route=\/wp\/v2\/pages\/36"}],"wp:attachment":[{"href":"https:\/\/m82.corsidistudio.unina.it\/index.php?rest_route=%2Fwp%2Fv2%2Fmedia&parent=38"}],"curies":[{"name":"wp","href":"https:\/\/api.w.org\/{rel}","templated":true}]}}